{"id":23057,"date":"2023-10-25T11:55:25","date_gmt":"2023-10-25T09:55:25","guid":{"rendered":"https:\/\/quaidessavoirs.toulouse-metropole.fr\/arts-sciences\/"},"modified":"2025-07-17T15:13:07","modified_gmt":"2025-07-17T13:13:07","slug":"arts-sciences","status":"publish","type":"page","link":"https:\/\/quaidessavoirs.toulouse-metropole.fr\/en\/arts-sciences\/","title":{"rendered":"Arts Sciences"},"content":{"rendered":"\n<div class=\"wp-block-media-text alignwide is-stacked-on-mobile is-vertically-aligned-center is-image-fill-element\"><figure class=\"wp-block-media-text__media\"><img loading=\"lazy\" decoding=\"async\" width=\"859\" height=\"779\" src=\"https:\/\/quaidessavoirs.toulouse-metropole.fr\/wp-content\/uploads\/sites\/13\/2023\/10\/arts-sciences-e1698227627558.jpg\" alt=\"\" class=\"wp-image-1415 size-full\" style=\"object-position:50% 28%\" srcset=\"https:\/\/quaidessavoirs.toulouse-metropole.fr\/wp-content\/uploads\/sites\/13\/2023\/10\/arts-sciences-e1698227627558.jpg 859w, https:\/\/quaidessavoirs.toulouse-metropole.fr\/wp-content\/uploads\/sites\/13\/2023\/10\/arts-sciences-e1698227627558-300x272.jpg 300w, https:\/\/quaidessavoirs.toulouse-metropole.fr\/wp-content\/uploads\/sites\/13\/2023\/10\/arts-sciences-e1698227627558-768x696.jpg 768w, https:\/\/quaidessavoirs.toulouse-metropole.fr\/wp-content\/uploads\/sites\/13\/2023\/10\/arts-sciences-e1698227627558-414x375.jpg 414w\" sizes=\"(max-width: 859px) 100vw, 859px\" \/><\/figure><div class=\"wp-block-media-text__content\">\n<div style=\"height:15px\" aria-hidden=\"true\" class=\"wp-block-spacer\"><\/div>\n\n\n\n<p class=\"has-medium-font-size\">Since its very beginning, the Quai des Savoirs has positioned itself at the crossroads between arts and sciences, between two ways to explore and grasp reality that may differ greatly in their methods and approaches, but are often complementary and in constant dialogue.<\/p>\n\n\n\n<p class=\"has-medium-font-size\"><strong>For desirable futures<\/strong><\/p>\n\n\n\n<p>Where sciences, digital technology, society and contemporary creation meet, the Quai des Savoirs explores imaginary worlds and fosters the development of new narratives of the future.<\/p>\n\n\n\n<ul class=\"wp-block-list\">\n<li><strong>Lumi\u00e8res sur le Quai Festival&nbsp;<\/strong><\/li>\n\n\n\n<li><strong>4 to 6 creative residencies per year<\/strong><\/li>\n\n\n\n<li><strong>1 national art\/science seminar<\/strong><\/li>\n<\/ul>\n<\/div><\/div>\n\n\n    <div class=\" list_anchor\">\n        <ul class=\"anchors-list\">\n            \n                    <li class=\"anchors-list-item\">\n                        <a href=\"#lumieres-sur-le-quai\" title=\"Lumi\u00e8res sur le Quai\" class=\"anchors-item\" data-anchor=\"lumieres-sur-le-quai\" >Lumi\u00e8res sur le Quai<\/a>\n                    <\/li>\n                    <li class=\"anchors-list-item\">\n                        <a href=\"#creative-residencies\" title=\"Creative residencies\" class=\"anchors-item\" data-anchor=\"creative-residencies\" >Creative residencies<\/a>\n                    <\/li>\n                    <li class=\"anchors-list-item\">\n                        <a href=\"#gaes-art-science-seminar\" title=\"art-science seminar (GAES)\" class=\"anchors-item\" data-anchor=\"gaes-art-science-seminar\" >art-science seminar (GAES)<\/a>\n                    <\/li>\n                    <li class=\"anchors-list-item\">\n                        <a href=\"#where-do-we-land\" title=\"Where do we land?\" class=\"anchors-item\" data-anchor=\"where-do-we-land\" >Where do we land?<\/a>\n                    <\/li>\n                    <li class=\"anchors-list-item\">\n                        <a href=\"#open-calls\" title=\"Open calls\" class=\"anchors-item\" data-anchor=\"open-calls\" >Open calls<\/a>\n                    <\/li>        <\/ul>\n    <\/div>\n\n\n\n<div style=\"height:50px\" aria-hidden=\"true\" class=\"wp-block-spacer\"><\/div>\n\n\n<section class=\"section-group\"><div class=\"container\"><div class=\"pure-g\">\n<div class=\"wp-block-group is-layout-constrained wp-block-group-is-layout-constrained\">\n<div class=\"wp-block-columns is-layout-flex wp-container-core-columns-is-layout-9d6595d7 wp-block-columns-is-layout-flex\">\n<div class=\"wp-block-column is-vertically-aligned-center is-layout-flow wp-block-column-is-layout-flow\">\n<h2 class=\"wp-block-heading\" id=\"lumieres-sur-le-quai\">Lumi\u00e8res sur le Quai<\/h2>\n\n\n\n<p>As a great festive event, the<strong> Lumi\u00e8res sur le Quai<\/strong>&nbsp;festival annually explores disciplines and artistic-scientific perspectives, inviting you to explore interactive, visual, and luminous installations. Discover the&nbsp;<strong>Quai des Savoirs<\/strong>&nbsp;main exhibition, participate in interventions and performances, engage in workshops and creative sessions for all ages, and meet renowned scientific figures, artists, and key individuals shaping our era.<\/p>\n<\/div>\n\n\n\n<div class=\"wp-block-column is-layout-flow wp-block-column-is-layout-flow\">\n<div class=\"wp-block-cover alignfull has-parallax is-repeated\" style=\"min-height:250px;aspect-ratio:unset;\"><span aria-hidden=\"true\" class=\"wp-block-cover__background has-background-dim\"><\/span><div role=\"img\" aria-label=\"photo\" class=\"wp-block-cover__image-background wp-image-1402 has-parallax is-repeated\" style=\"background-position:73% 81%;background-image:url(https:\/\/quaidessavoirs.toulouse-metropole.fr\/wp-content\/uploads\/sites\/13\/2023\/10\/presentation-lumieres-sur-le-quai-1024x682.jpg)\"><\/div><div class=\"wp-block-cover__inner-container is-layout-flow wp-block-cover-is-layout-flow\">\n<div class=\"wp-block-buttons is-content-justification-center is-layout-flex wp-container-core-buttons-is-layout-16018d1d wp-block-buttons-is-layout-flex\">\n<div class=\"wp-block-button\"><a class=\"wp-block-button__link wp-element-button\" href=\"https:\/\/quaidessavoirs.toulouse-metropole.fr\/en\/lumieres-sur-le-quai-festival\/\">Discover the festival<\/a><\/div>\n<\/div>\n<\/div><\/div>\n<\/div>\n<\/div>\n<\/div>\n<\/div><\/div><\/section>\n\n\n<div style=\"height:50px\" aria-hidden=\"true\" class=\"wp-block-spacer\"><\/div>\n\n\n<section class=\"section-group\"><div class=\"container\"><div class=\"pure-g\">\n<div class=\"wp-block-group is-layout-constrained wp-block-group-is-layout-constrained\">\n<div class=\"wp-block-columns is-layout-flex wp-container-core-columns-is-layout-9d6595d7 wp-block-columns-is-layout-flex\">\n<div class=\"wp-block-column is-vertically-aligned-center is-layout-flow wp-block-column-is-layout-flow\" style=\"flex-basis:50%\">\n<h2 class=\"wp-block-heading\" id=\"creative-residencies\">Creative residencies<\/h2>\n\n\n\n<p>The Quai des Savoirs co-produces and\/or hosts artists in residence to support their creations by putting them in touch with researchers, associations or companies.<\/p>\n\n\n\n<p>Encouraging collaboration between artists and scientists enables us to take a fresh look at societal, technological and environmental issues.<\/p>\n<\/div>\n\n\n\n<div class=\"wp-block-column is-vertically-aligned-center is-layout-flow wp-block-column-is-layout-flow\" style=\"flex-basis:50%\">\n<div class=\"wp-block-cover alignfull has-parallax is-repeated\" style=\"min-height:250px;aspect-ratio:unset;\"><span aria-hidden=\"true\" class=\"wp-block-cover__background has-background-dim\"><\/span><div role=\"img\" aria-label=\"\u00c9nergie cr\u00e9atrice, une r\u00e9sidence de cr\u00e9ation au Quai des Savoirs\" class=\"wp-block-cover__image-background wp-image-1641 has-parallax is-repeated\" style=\"background-position:79% 72%;background-image:url(https:\/\/quaidessavoirs.toulouse-metropole.fr\/wp-content\/uploads\/sites\/13\/2023\/10\/VisuelPrincipalScln_EmmanuelGrimault.png)\"><\/div><div class=\"wp-block-cover__inner-container is-layout-flow wp-block-cover-is-layout-flow\">\n<div class=\"wp-block-buttons is-content-justification-center is-layout-flex wp-container-core-buttons-is-layout-28206b41 wp-block-buttons-is-layout-flex\">\n<div class=\"wp-block-button\"><a class=\"wp-block-button__link wp-element-button\" href=\"https:\/\/quaidessavoirs.toulouse-metropole.fr\/en\/arts-sciences\/creative-residencies\/\">Projects<\/a><\/div>\n<\/div>\n<\/div><\/div>\n<\/div>\n<\/div>\n<\/div>\n<\/div><\/div><\/section>\n\n\n<div style=\"height:50px\" aria-hidden=\"true\" class=\"wp-block-spacer\"><\/div>\n\n\n<section class=\"section-group\"><div class=\"container\"><div class=\"pure-g\">\n<div class=\"wp-block-group is-layout-constrained wp-block-group-is-layout-constrained\">\n<div class=\"wp-block-columns are-vertically-aligned-center is-layout-flex wp-container-core-columns-is-layout-9d6595d7 wp-block-columns-is-layout-flex\">\n<div class=\"wp-block-column is-vertically-aligned-center is-layout-flow wp-block-column-is-layout-flow\" style=\"flex-basis:50%\">\n<h2 class=\"wp-block-heading\" id=\"gaes-art-science-seminar\">GAES: art-science seminar<\/h2>\n\n\n\n<p>The Quai des Savoirs in collaboration with the<strong> <\/strong><a href=\"https:\/\/www.atelier-arts-sciences.eu\/\" target=\"_blank\" rel=\"noreferrer noopener\">Atelier Arts Sciences<\/a>, le <a href=\"https:\/\/miai.univ-grenoble-alpes.fr\/\" target=\"_blank\" rel=\"noreferrer noopener\">MIAI Grenoble<\/a> and <a href=\"https:\/\/aniti.univ-toulouse.fr\" target=\"_blank\" rel=\"noreferrer noopener\">ANITI<\/a>, is organising a time of scientific exploration around artificial intelligence for artists. This time of discovery is conceived as a collective immersion between all the participants, both artists and scientists.<\/p>\n\n\n\n<p>The objective is to transmit knowledge on the subject of artificial intelligence, provided by the invited scientists, in order to give rise to exchanges and confrontations between scientific and artistic imaginations and collective and individual representations.<\/p>\n<\/div>\n\n\n\n<div class=\"wp-block-column is-vertically-aligned-center is-layout-flow wp-block-column-is-layout-flow\" style=\"flex-basis:50%\">\n<div class=\"wp-block-cover alignfull has-parallax is-repeated\" style=\"min-height:250px;aspect-ratio:unset;\"><span aria-hidden=\"true\" class=\"wp-block-cover__background has-background-dim\"><\/span><div class=\"wp-block-cover__image-background wp-image-1445 has-parallax is-repeated\" style=\"background-position:63% 73%;background-image:url(https:\/\/quaidessavoirs.toulouse-metropole.fr\/wp-content\/uploads\/sites\/13\/2023\/10\/gaes-credit-1024x629.png)\"><\/div><div class=\"wp-block-cover__inner-container is-layout-flow wp-block-cover-is-layout-flow\">\n<div class=\"wp-block-buttons is-content-justification-center is-layout-flex wp-container-core-buttons-is-layout-16018d1d wp-block-buttons-is-layout-flex\">\n<div class=\"wp-block-button\"><a class=\"wp-block-button__link wp-element-button\" href=\"https:\/\/quaidessavoirs.toulouse-metropole.fr\/en\/arts-sciences\/gaes-scientific-exploration-artistic-group\/\">GAES<\/a><\/div>\n<\/div>\n<\/div><\/div>\n<\/div>\n<\/div>\n<\/div>\n<\/div><\/div><\/section>\n\n\n<div style=\"height:50px\" aria-hidden=\"true\" class=\"wp-block-spacer\"><\/div>\n\n\n<section class=\"section-group\"><div class=\"container\"><div class=\"pure-g\">\n<div class=\"wp-block-group is-layout-constrained wp-block-group-is-layout-constrained\">\n<div class=\"wp-block-columns are-vertically-aligned-center is-layout-flex wp-container-core-columns-is-layout-9d6595d7 wp-block-columns-is-layout-flex\">\n<div class=\"wp-block-column is-vertically-aligned-center is-layout-flow wp-block-column-is-layout-flow\" style=\"flex-basis:50%\">\n<h2 class=\"wp-block-heading\" id=\"where-do-we-land\">Where do we land?<\/h2>\n\n\n\n<p>The Quai des Savoirs is partner to an an artistic, scientific and political experiment to revitalize our democratic practices and co-construct public action in favor of territorial habitability.<\/p>\n<\/div>\n\n\n\n<div class=\"wp-block-column is-vertically-aligned-center is-layout-flow wp-block-column-is-layout-flow\" style=\"flex-basis:50%\">\n<div class=\"wp-block-cover alignfull has-parallax is-repeated\" style=\"min-height:250px;aspect-ratio:unset;\"><span aria-hidden=\"true\" class=\"wp-block-cover__background has-background-dim\"><\/span><div class=\"wp-block-cover__image-background wp-image-20997 has-parallax is-repeated\" style=\"background-position:76% 45%;background-image:url(https:\/\/quaidessavoirs.toulouse-metropole.fr\/wp-content\/uploads\/sites\/13\/2025\/01\/action-et-participation-%C2%A9_Pierre_PLANCHENAULT-edited.png)\"><\/div><div class=\"wp-block-cover__inner-container is-layout-flow wp-block-cover-is-layout-flow\">\n<div class=\"wp-block-buttons is-content-justification-center is-layout-flex wp-container-core-buttons-is-layout-16018d1d wp-block-buttons-is-layout-flex\">\n<div class=\"wp-block-button\"><a class=\"wp-block-button__link wp-element-button\" href=\"https:\/\/quaidessavoirs.toulouse-metropole.fr\/en\/arts-sciences\/where-do-we-land\/\">Discover<\/a><\/div>\n<\/div>\n<\/div><\/div>\n<\/div>\n<\/div>\n<\/div>\n<\/div><\/div><\/section>\n\n\n<div style=\"height:50px\" aria-hidden=\"true\" class=\"wp-block-spacer\"><\/div>\n\n\n<section class=\"section-group\"><div class=\"container\"><div class=\"pure-g\">\n<div class=\"wp-block-group is-layout-constrained wp-block-group-is-layout-constrained\">\n<div class=\"wp-block-columns is-layout-flex wp-container-core-columns-is-layout-9d6595d7 wp-block-columns-is-layout-flex\">\n<div class=\"wp-block-column is-vertically-aligned-center is-layout-flow wp-block-column-is-layout-flow\" style=\"flex-basis:50%\">\n<h2 class=\"wp-block-heading\" id=\"open-calls\">Open calls<\/h2>\n\n\n\n<p>Don&#8217;t hesitate to consult the Quai des Savoirs&#8217; calls for projects on a regular basis &#8211; we&#8217;re always open to the possibility of supporting your creations!<\/p>\n<\/div>\n\n\n\n<div class=\"wp-block-column is-layout-flow wp-block-column-is-layout-flow\" style=\"flex-basis:50%\">\n<div class=\"wp-block-cover alignfull has-parallax is-repeated\" style=\"min-height:250px;aspect-ratio:unset;\"><span aria-hidden=\"true\" class=\"wp-block-cover__background has-background-dim\"><\/span><div role=\"img\" aria-label=\"photo\" class=\"wp-block-cover__image-background wp-image-1505 has-parallax is-repeated\" style=\"background-position:83% 5%;background-image:url(https:\/\/quaidessavoirs.toulouse-metropole.fr\/wp-content\/uploads\/sites\/13\/2023\/10\/DSC1795-1024x682.jpg)\"><\/div><div class=\"wp-block-cover__inner-container is-layout-flow wp-block-cover-is-layout-flow\">\n<div class=\"wp-block-buttons is-content-justification-center is-layout-flex wp-container-core-buttons-is-layout-16018d1d wp-block-buttons-is-layout-flex\">\n<div class=\"wp-block-button\"><a class=\"wp-block-button__link wp-element-button\" href=\"https:\/\/quaidessavoirs.toulouse-metropole.fr\/en\/open-calls\/\">Find out more<\/a><\/div>\n<\/div>\n<\/div><\/div>\n<\/div>\n<\/div>\n<\/div>\n<\/div><\/div><\/section>","protected":false},"excerpt":{"rendered":"<p>Lumi\u00e8res sur le Quai As a great festive event, the Lumi\u00e8res sur le Quai&nbsp;festival annually explores disciplines and artistic-scientific perspectives, inviting you to explore interactive, visual, and luminous installations. Discover the&nbsp;Quai des Savoirs&nbsp;main exhibition, participate&hellip;<\/p>\n","protected":false},"author":71,"featured_media":0,"parent":0,"menu_order":0,"comment_status":"closed","ping_status":"closed","template":"","meta":{"_acf_changed":false,"footnotes":""},"class_list":["post-23057","page","type-page","status-publish","hentry"],"acf":[],"yoast_head":"<!-- This site is optimized with the Yoast SEO plugin v27.0 - https:\/\/yoast.com\/product\/yoast-seo-wordpress\/ -->\n<title>Arts Sciences - Quai des savoirs<\/title>\n<meta name=\"robots\" content=\"index, follow, max-snippet:-1, max-image-preview:large, max-video-preview:-1\" \/>\n<link rel=\"canonical\" href=\"https:\/\/quaidessavoirs.toulouse-metropole.fr\/en\/arts-sciences\/\" \/>\n<meta property=\"og:locale\" content=\"en_US\" \/>\n<meta property=\"og:type\" content=\"article\" \/>\n<meta property=\"og:title\" content=\"Arts Sciences - Quai des savoirs\" \/>\n<meta property=\"og:description\" content=\"Lumi\u00e8res sur le Quai As a great festive event, the Lumi\u00e8res sur le Quai&nbsp;festival annually explores disciplines and artistic-scientific perspectives, inviting you to explore interactive, visual, and luminous installations. Discover the&nbsp;Quai des Savoirs&nbsp;main exhibition, participate&hellip;\" \/>\n<meta property=\"og:url\" content=\"https:\/\/quaidessavoirs.toulouse-metropole.fr\/en\/arts-sciences\/\" \/>\n<meta property=\"og:site_name\" content=\"Quai des savoirs\" \/>\n<meta property=\"article:modified_time\" content=\"2025-07-17T13:13:07+00:00\" \/>\n<meta property=\"og:image\" content=\"https:\/\/quaidessavoirs.toulouse-metropole.fr\/wp-content\/uploads\/sites\/13\/2023\/10\/arts-sciences-e1698227627558.jpg\" \/>\n\t<meta property=\"og:image:width\" content=\"859\" \/>\n\t<meta property=\"og:image:height\" content=\"779\" \/>\n\t<meta property=\"og:image:type\" content=\"image\/jpeg\" \/>\n<meta name=\"twitter:card\" content=\"summary_large_image\" \/>\n<meta name=\"twitter:label1\" content=\"Est. reading time\" \/>\n\t<meta name=\"twitter:data1\" content=\"2 minutes\" \/>\n<script type=\"application\/ld+json\" class=\"yoast-schema-graph\">{\"@context\":\"https:\/\/schema.org\",\"@graph\":[{\"@type\":\"WebPage\",\"@id\":\"https:\/\/quaidessavoirs.toulouse-metropole.fr\/en\/arts-sciences\/\",\"url\":\"https:\/\/quaidessavoirs.toulouse-metropole.fr\/en\/arts-sciences\/\",\"name\":\"Arts Sciences - Quai des savoirs\",\"isPartOf\":{\"@id\":\"https:\/\/quaidessavoirs.toulouse-metropole.fr\/en\/#website\"},\"primaryImageOfPage\":{\"@id\":\"https:\/\/quaidessavoirs.toulouse-metropole.fr\/en\/arts-sciences\/#primaryimage\"},\"image\":{\"@id\":\"https:\/\/quaidessavoirs.toulouse-metropole.fr\/en\/arts-sciences\/#primaryimage\"},\"thumbnailUrl\":\"https:\/\/quaidessavoirs.toulouse-metropole.fr\/wp-content\/uploads\/sites\/13\/2023\/10\/arts-sciences-e1698227627558.jpg\",\"datePublished\":\"2023-10-25T09:55:25+00:00\",\"dateModified\":\"2025-07-17T13:13:07+00:00\",\"breadcrumb\":{\"@id\":\"https:\/\/quaidessavoirs.toulouse-metropole.fr\/en\/arts-sciences\/#breadcrumb\"},\"inLanguage\":\"en-US\",\"potentialAction\":[{\"@type\":\"ReadAction\",\"target\":[\"https:\/\/quaidessavoirs.toulouse-metropole.fr\/en\/arts-sciences\/\"]}]},{\"@type\":\"ImageObject\",\"inLanguage\":\"en-US\",\"@id\":\"https:\/\/quaidessavoirs.toulouse-metropole.fr\/en\/arts-sciences\/#primaryimage\",\"url\":\"https:\/\/quaidessavoirs.toulouse-metropole.fr\/wp-content\/uploads\/sites\/13\/2023\/10\/arts-sciences-e1698227627558.jpg\",\"contentUrl\":\"https:\/\/quaidessavoirs.toulouse-metropole.fr\/wp-content\/uploads\/sites\/13\/2023\/10\/arts-sciences-e1698227627558.jpg\"},{\"@type\":\"BreadcrumbList\",\"@id\":\"https:\/\/quaidessavoirs.toulouse-metropole.fr\/en\/arts-sciences\/#breadcrumb\",\"itemListElement\":[{\"@type\":\"ListItem\",\"position\":1,\"name\":\"Accueil\",\"item\":\"https:\/\/quaidessavoirs.toulouse-metropole.fr\/en\/\"},{\"@type\":\"ListItem\",\"position\":2,\"name\":\"Arts Sciences\"}]},{\"@type\":\"WebSite\",\"@id\":\"https:\/\/quaidessavoirs.toulouse-metropole.fr\/en\/#website\",\"url\":\"https:\/\/quaidessavoirs.toulouse-metropole.fr\/en\/\",\"name\":\"Quai des savoirs\",\"description\":\"\",\"publisher\":{\"@id\":\"https:\/\/quaidessavoirs.toulouse-metropole.fr\/en\/#organization\"},\"potentialAction\":[{\"@type\":\"SearchAction\",\"target\":{\"@type\":\"EntryPoint\",\"urlTemplate\":\"https:\/\/quaidessavoirs.toulouse-metropole.fr\/en\/search\/{search_term_string}\"},\"query-input\":{\"@type\":\"PropertyValueSpecification\",\"valueRequired\":true,\"valueName\":\"search_term_string\"}}],\"inLanguage\":\"en-US\"},{\"@type\":\"Organization\",\"@id\":\"https:\/\/quaidessavoirs.toulouse-metropole.fr\/en\/#organization\",\"name\":\"Quai des Savoirs\",\"url\":\"https:\/\/quaidessavoirs.toulouse-metropole.fr\/en\/\",\"logo\":{\"@type\":\"ImageObject\",\"inLanguage\":\"en-US\",\"@id\":\"https:\/\/quaidessavoirs.toulouse-metropole.fr\/en\/#\/schema\/logo\/image\/\",\"url\":\"https:\/\/quaidessavoirs.toulouse-metropole.fr\/wp-content\/uploads\/sites\/13\/2023\/09\/cropped-logo-quai-des-savoirs-1.png\",\"contentUrl\":\"https:\/\/quaidessavoirs.toulouse-metropole.fr\/wp-content\/uploads\/sites\/13\/2023\/09\/cropped-logo-quai-des-savoirs-1.png\",\"width\":185,\"height\":109,\"caption\":\"Quai des Savoirs\"},\"image\":{\"@id\":\"https:\/\/quaidessavoirs.toulouse-metropole.fr\/en\/#\/schema\/logo\/image\/\"}}]}<\/script>\n<!-- \/ Yoast SEO plugin. -->","yoast_head_json":{"title":"Arts Sciences - Quai des savoirs","robots":{"index":"index","follow":"follow","max-snippet":"max-snippet:-1","max-image-preview":"max-image-preview:large","max-video-preview":"max-video-preview:-1"},"canonical":"https:\/\/quaidessavoirs.toulouse-metropole.fr\/en\/arts-sciences\/","og_locale":"en_US","og_type":"article","og_title":"Arts Sciences - Quai des savoirs","og_description":"Lumi\u00e8res sur le Quai As a great festive event, the Lumi\u00e8res sur le Quai&nbsp;festival annually explores disciplines and artistic-scientific perspectives, inviting you to explore interactive, visual, and luminous installations. Discover the&nbsp;Quai des Savoirs&nbsp;main exhibition, participate&hellip;","og_url":"https:\/\/quaidessavoirs.toulouse-metropole.fr\/en\/arts-sciences\/","og_site_name":"Quai des savoirs","article_modified_time":"2025-07-17T13:13:07+00:00","og_image":[{"width":859,"height":779,"url":"https:\/\/quaidessavoirs.toulouse-metropole.fr\/wp-content\/uploads\/sites\/13\/2023\/10\/arts-sciences-e1698227627558.jpg","type":"image\/jpeg"}],"twitter_card":"summary_large_image","twitter_misc":{"Est. reading time":"2 minutes"},"schema":{"@context":"https:\/\/schema.org","@graph":[{"@type":"WebPage","@id":"https:\/\/quaidessavoirs.toulouse-metropole.fr\/en\/arts-sciences\/","url":"https:\/\/quaidessavoirs.toulouse-metropole.fr\/en\/arts-sciences\/","name":"Arts Sciences - Quai des savoirs","isPartOf":{"@id":"https:\/\/quaidessavoirs.toulouse-metropole.fr\/en\/#website"},"primaryImageOfPage":{"@id":"https:\/\/quaidessavoirs.toulouse-metropole.fr\/en\/arts-sciences\/#primaryimage"},"image":{"@id":"https:\/\/quaidessavoirs.toulouse-metropole.fr\/en\/arts-sciences\/#primaryimage"},"thumbnailUrl":"https:\/\/quaidessavoirs.toulouse-metropole.fr\/wp-content\/uploads\/sites\/13\/2023\/10\/arts-sciences-e1698227627558.jpg","datePublished":"2023-10-25T09:55:25+00:00","dateModified":"2025-07-17T13:13:07+00:00","breadcrumb":{"@id":"https:\/\/quaidessavoirs.toulouse-metropole.fr\/en\/arts-sciences\/#breadcrumb"},"inLanguage":"en-US","potentialAction":[{"@type":"ReadAction","target":["https:\/\/quaidessavoirs.toulouse-metropole.fr\/en\/arts-sciences\/"]}]},{"@type":"ImageObject","inLanguage":"en-US","@id":"https:\/\/quaidessavoirs.toulouse-metropole.fr\/en\/arts-sciences\/#primaryimage","url":"https:\/\/quaidessavoirs.toulouse-metropole.fr\/wp-content\/uploads\/sites\/13\/2023\/10\/arts-sciences-e1698227627558.jpg","contentUrl":"https:\/\/quaidessavoirs.toulouse-metropole.fr\/wp-content\/uploads\/sites\/13\/2023\/10\/arts-sciences-e1698227627558.jpg"},{"@type":"BreadcrumbList","@id":"https:\/\/quaidessavoirs.toulouse-metropole.fr\/en\/arts-sciences\/#breadcrumb","itemListElement":[{"@type":"ListItem","position":1,"name":"Accueil","item":"https:\/\/quaidessavoirs.toulouse-metropole.fr\/en\/"},{"@type":"ListItem","position":2,"name":"Arts Sciences"}]},{"@type":"WebSite","@id":"https:\/\/quaidessavoirs.toulouse-metropole.fr\/en\/#website","url":"https:\/\/quaidessavoirs.toulouse-metropole.fr\/en\/","name":"Quai des savoirs","description":"","publisher":{"@id":"https:\/\/quaidessavoirs.toulouse-metropole.fr\/en\/#organization"},"potentialAction":[{"@type":"SearchAction","target":{"@type":"EntryPoint","urlTemplate":"https:\/\/quaidessavoirs.toulouse-metropole.fr\/en\/search\/{search_term_string}"},"query-input":{"@type":"PropertyValueSpecification","valueRequired":true,"valueName":"search_term_string"}}],"inLanguage":"en-US"},{"@type":"Organization","@id":"https:\/\/quaidessavoirs.toulouse-metropole.fr\/en\/#organization","name":"Quai des Savoirs","url":"https:\/\/quaidessavoirs.toulouse-metropole.fr\/en\/","logo":{"@type":"ImageObject","inLanguage":"en-US","@id":"https:\/\/quaidessavoirs.toulouse-metropole.fr\/en\/#\/schema\/logo\/image\/","url":"https:\/\/quaidessavoirs.toulouse-metropole.fr\/wp-content\/uploads\/sites\/13\/2023\/09\/cropped-logo-quai-des-savoirs-1.png","contentUrl":"https:\/\/quaidessavoirs.toulouse-metropole.fr\/wp-content\/uploads\/sites\/13\/2023\/09\/cropped-logo-quai-des-savoirs-1.png","width":185,"height":109,"caption":"Quai des Savoirs"},"image":{"@id":"https:\/\/quaidessavoirs.toulouse-metropole.fr\/en\/#\/schema\/logo\/image\/"}}]}},"_links":{"self":[{"href":"https:\/\/quaidessavoirs.toulouse-metropole.fr\/en\/wp-json\/wp\/v2\/pages\/23057","targetHints":{"allow":["GET"]}}],"collection":[{"href":"https:\/\/quaidessavoirs.toulouse-metropole.fr\/en\/wp-json\/wp\/v2\/pages"}],"about":[{"href":"https:\/\/quaidessavoirs.toulouse-metropole.fr\/en\/wp-json\/wp\/v2\/types\/page"}],"author":[{"embeddable":true,"href":"https:\/\/quaidessavoirs.toulouse-metropole.fr\/en\/wp-json\/wp\/v2\/users\/71"}],"replies":[{"embeddable":true,"href":"https:\/\/quaidessavoirs.toulouse-metropole.fr\/en\/wp-json\/wp\/v2\/comments?post=23057"}],"version-history":[{"count":21,"href":"https:\/\/quaidessavoirs.toulouse-metropole.fr\/en\/wp-json\/wp\/v2\/pages\/23057\/revisions"}],"predecessor-version":[{"id":24133,"href":"https:\/\/quaidessavoirs.toulouse-metropole.fr\/en\/wp-json\/wp\/v2\/pages\/23057\/revisions\/24133"}],"wp:attachment":[{"href":"https:\/\/quaidessavoirs.toulouse-metropole.fr\/en\/wp-json\/wp\/v2\/media?parent=23057"}],"curies":[{"name":"wp","href":"https:\/\/api.w.org\/{rel}","templated":true}]}}